{"id":258,"date":"2018-01-22T10:17:40","date_gmt":"2018-01-22T14:17:40","guid":{"rendered":"http:\/\/ayuntamiento.o\/transparencia\/?page_id=258"},"modified":"2024-07-10T11:19:38","modified_gmt":"2024-07-10T15:19:38","slug":"responsable-de-acceso-a-la-informacion","status":"publish","type":"page","link":"https:\/\/ayuntamientomaimon.gob.do\/transparencia\/responsable-de-acceso-a-la-informacion\/","title":{"rendered":"Responsable de Acceso a la Informaci\u00f3n"},"content":{"rendered":"\n<p><strong>Lic. Ledin Paulino Vera<\/strong><br \/><strong>Tel\u00e9fono: 809-551-2807 CEL. (829) 377-2652 (WhatsApp)<\/strong><br \/><strong>E-MAIL: ayuntamientomaimon24.28@gmail.com <\/strong><br \/><strong>Calle San Isidro Labrador #32, Maim\u00f3n, Monse\u00f1or Nouel Rep\u00fablica Dominicana.<\/strong><\/p>\n<p><strong>Cont\u00e1ctenos y de forma inmediata le retornaremos el mensaje tan pronto como sea posible. Esperamos saber de usted en lo adelante.<\/strong><\/p>\n","protected":false},"excerpt":{"rendered":"Lic. Ledin Paulino VeraTel\u00e9fono: 809-551-2807 CEL. (829) 377-2652 (WhatsApp)E-MAIL: ayuntamientomaimon24.28@gmail.com Calle San Isidro Labrador #32, Maim\u00f3n, Monse\u00f1or Nouel Rep\u00fablica Dominicana. Cont\u00e1ctenos y de forma inmediata le retornaremos el mensaje tan pronto como sea posible. Esperamos saber de usted en lo adelante.","protected":false},"author":3,"featured_media":0,"parent":0,"menu_order":0,"comment_status":"closed","ping_status":"closed","template":"","meta":[],"acf":[],"_links":{"self":[{"href":"https:\/\/ayuntamientomaimon.gob.do\/transparencia\/wp-json\/wp\/v2\/pages\/258"}],"collection":[{"href":"https:\/\/ayuntamientomaimon.gob.do\/transparencia\/wp-json\/wp\/v2\/pages"}],"about":[{"href":"https:\/\/ayuntamientomaimon.gob.do\/transparencia\/wp-json\/wp\/v2\/types\/page"}],"author":[{"embeddable":true,"href":"https:\/\/ayuntamientomaimon.gob.do\/transparencia\/wp-json\/wp\/v2\/users\/3"}],"replies":[{"embeddable":true,"href":"https:\/\/ayuntamientomaimon.gob.do\/transparencia\/wp-json\/wp\/v2\/comments?post=258"}],"version-history":[{"count":6,"href":"https:\/\/ayuntamientomaimon.gob.do\/transparencia\/wp-json\/wp\/v2\/pages\/258\/revisions"}],"predecessor-version":[{"id":904,"href":"https:\/\/ayuntamientomaimon.gob.do\/transparencia\/wp-json\/wp\/v2\/pages\/258\/revisions\/904"}],"wp:attachment":[{"href":"https:\/\/ayuntamientomaimon.gob.do\/transparencia\/wp-json\/wp\/v2\/media?parent=258"}],"curies":[{"name":"wp","href":"https:\/\/api.w.org\/{rel}","templated":true}]}}